{"id":95,"date":"2022-04-28T14:00:02","date_gmt":"2022-04-28T14:00:02","guid":{"rendered":"https:\/\/antoniajerez.com\/alma\/?page_id=95"},"modified":"2022-06-02T10:39:53","modified_gmt":"2022-06-02T10:39:53","slug":"canalizacion-a-distancia","status":"publish","type":"page","link":"https:\/\/antoniajerez.com\/alma\/canalizacion-a-distancia\/","title":{"rendered":"Canalizaci\u00f3n a distancia"},"content":{"rendered":"\n<p>Cuando nos encontramos atrapados, la canalizaci\u00f3n a distancia es una gran herramienta que te puede ayudar.<\/p>\n\n\n\n<p>No te resignes a vivir una vida a medias. D\u00e9jame ayudarte a recuperar tu poder y tu energ\u00eda con una canalizaci\u00f3n donde los Maestros nos guiar\u00e1n hacia tu mayor bien y potencial.<\/p>\n\n\n\n<p>Muchos lugares y espacios se cargan de una energ\u00eda discordante que te lastra en tu d\u00eda a d\u00eda. <\/p>\n\n\n\n<p>Si sientes que tu entorno se halla denso, con la ayuda de una canalizaci\u00f3n y el sost\u00e9n de los Maestros puedo transmutar esa energ\u00eda oscura en pura Luz.<\/p>\n\n\n\n<div class=\"wp-block-media-text alignwide is-stacked-on-mobile\" style=\"grid-template-columns:25% auto\"><figure class=\"wp-block-media-text__media\"><img decoding=\"async\" src=\"https:\/\/antoniajerez.com\/alma\/wp-content\/uploads\/2022\/04\/Alma-gab1fc1106_640-e1651160235878.jpg\" alt=\"\" class=\"wp-image-75 size-full\"\/><\/figure><div class=\"wp-block-media-text__content\">\n<p> <p>Ser canal es un regalo con el que puedo ayudar a muchas personas a trav\u00e9s de los mensajes que los seres de luz me env\u00edan para que te sean revelados.<\/p>   <p>Forma parte de mi misi\u00f3n en el mundo y me gustar\u00eda poderte acompa\u00f1ar en esos momentos dif\u00edciles en los que deseamos un rayo de luz en nuestra vida.<\/p> <\/p>\n<\/div><\/div>\n\n\n\n<p><\/p>\n\n\n\n<p><\/p>\n","protected":false},"excerpt":{"rendered":"<p>Cuando nos encontramos atrapados, la canalizaci\u00f3n a distancia es una gran herramienta que te puede ayudar. No te resignes a vivir una vida a medias. D\u00e9jame ayudarte a recuperar tu poder y tu energ\u00eda con una canalizaci\u00f3n donde los Maestros nos guiar\u00e1n hacia tu mayor bien y potencial. Muchos lugares &hellip; <\/p>\n","protected":false},"author":1,"featured_media":0,"parent":0,"menu_order":0,"comment_status":"closed","ping_status":"closed","template":"","meta":{"footnotes":""},"yoast_head":"<!-- This site is optimized with the Yoast SEO plugin v21.4 - https:\/\/yoast.com\/wordpress\/plugins\/seo\/ -->\n<title>Canalizaci\u00f3n a distancia - Antonia Jerez<\/title>\n<meta name=\"robots\" content=\"index, follow, max-snippet:-1, max-image-preview:large, max-video-preview:-1\" \/>\n<link rel=\"canonical\" href=\"https:\/\/antoniajerez.com\/alma\/canalizacion-a-distancia\/\" \/>\n<meta property=\"og:locale\" content=\"es_ES\" \/>\n<meta property=\"og:type\" content=\"article\" \/>\n<meta property=\"og:title\" content=\"Canalizaci\u00f3n a distancia - Antonia Jerez\" \/>\n<meta property=\"og:description\" content=\"Cuando nos encontramos atrapados, la canalizaci\u00f3n a distancia es una gran herramienta que te puede ayudar. No te resignes a vivir una vida a medias. D\u00e9jame ayudarte a recuperar tu poder y tu energ\u00eda con una canalizaci\u00f3n donde los Maestros nos guiar\u00e1n hacia tu mayor bien y potencial. Muchos lugares &hellip;\" \/>\n<meta property=\"og:url\" content=\"https:\/\/antoniajerez.com\/alma\/canalizacion-a-distancia\/\" \/>\n<meta property=\"og:site_name\" content=\"Antonia Jerez\" \/>\n<meta property=\"article:modified_time\" content=\"2022-06-02T10:39:53+00:00\" \/>\n<meta property=\"og:image\" content=\"https:\/\/antoniajerez.com\/alma\/wp-content\/uploads\/2022\/04\/Alma-gab1fc1106_640-e1651160235878.jpg\" \/>\n<meta name=\"twitter:card\" content=\"summary_large_image\" \/>\n<meta name=\"twitter:label1\" content=\"Tiempo de lectura\" \/>\n\t<meta name=\"twitter:data1\" content=\"1 minuto\" \/>\n<script type=\"application\/ld+json\" class=\"yoast-schema-graph\">{\"@context\":\"https:\/\/schema.org\",\"@graph\":[{\"@type\":\"WebPage\",\"@id\":\"https:\/\/antoniajerez.com\/alma\/canalizacion-a-distancia\/\",\"url\":\"https:\/\/antoniajerez.com\/alma\/canalizacion-a-distancia\/\",\"name\":\"Canalizaci\u00f3n a distancia - Antonia Jerez\",\"isPartOf\":{\"@id\":\"https:\/\/antoniajerez.com\/alma\/#website\"},\"datePublished\":\"2022-04-28T14:00:02+00:00\",\"dateModified\":\"2022-06-02T10:39:53+00:00\",\"breadcrumb\":{\"@id\":\"https:\/\/antoniajerez.com\/alma\/canalizacion-a-distancia\/#breadcrumb\"},\"inLanguage\":\"es\",\"potentialAction\":[{\"@type\":\"ReadAction\",\"target\":[\"https:\/\/antoniajerez.com\/alma\/canalizacion-a-distancia\/\"]}]},{\"@type\":\"BreadcrumbList\",\"@id\":\"https:\/\/antoniajerez.com\/alma\/canalizacion-a-distancia\/#breadcrumb\",\"itemListElement\":[{\"@type\":\"ListItem\",\"position\":1,\"name\":\"Portada\",\"item\":\"https:\/\/antoniajerez.com\/alma\/\"},{\"@type\":\"ListItem\",\"position\":2,\"name\":\"Canalizaci\u00f3n a distancia\"}]},{\"@type\":\"WebSite\",\"@id\":\"https:\/\/antoniajerez.com\/alma\/#website\",\"url\":\"https:\/\/antoniajerez.com\/alma\/\",\"name\":\"Antonia Jerez\",\"description\":\"D\u00e9jate sentir a trav\u00e9s del MASAJE CON CANALIZACION de Antonia.\",\"publisher\":{\"@id\":\"https:\/\/antoniajerez.com\/alma\/#\/schema\/person\/3de9a9ade77b6305bf06cdfdf6ba2370\"},\"potentialAction\":[{\"@type\":\"SearchAction\",\"target\":{\"@type\":\"EntryPoint\",\"urlTemplate\":\"https:\/\/antoniajerez.com\/alma\/?s={search_term_string}\"},\"query-input\":\"required name=search_term_string\"}],\"inLanguage\":\"es\"},{\"@type\":[\"Person\",\"Organization\"],\"@id\":\"https:\/\/antoniajerez.com\/alma\/#\/schema\/person\/3de9a9ade77b6305bf06cdfdf6ba2370\",\"name\":\"Antonia\",\"image\":{\"@type\":\"ImageObject\",\"inLanguage\":\"es\",\"@id\":\"https:\/\/antoniajerez.com\/alma\/#\/schema\/person\/image\/\",\"url\":\"https:\/\/antoniajerez.com\/alma\/wp-content\/uploads\/2022\/04\/cropped-AntoniaJerez-002.jpeg\",\"contentUrl\":\"https:\/\/antoniajerez.com\/alma\/wp-content\/uploads\/2022\/04\/cropped-AntoniaJerez-002.jpeg\",\"width\":512,\"height\":512,\"caption\":\"Antonia\"},\"logo\":{\"@id\":\"https:\/\/antoniajerez.com\/alma\/#\/schema\/person\/image\/\"}}]}<\/script>\n<!-- \/ Yoast SEO plugin. -->","yoast_head_json":{"title":"Canalizaci\u00f3n a distancia - Antonia Jerez","robots":{"index":"index","follow":"follow","max-snippet":"max-snippet:-1","max-image-preview":"max-image-preview:large","max-video-preview":"max-video-preview:-1"},"canonical":"https:\/\/antoniajerez.com\/alma\/canalizacion-a-distancia\/","og_locale":"es_ES","og_type":"article","og_title":"Canalizaci\u00f3n a distancia - Antonia Jerez","og_description":"Cuando nos encontramos atrapados, la canalizaci\u00f3n a distancia es una gran herramienta que te puede ayudar. No te resignes a vivir una vida a medias. D\u00e9jame ayudarte a recuperar tu poder y tu energ\u00eda con una canalizaci\u00f3n donde los Maestros nos guiar\u00e1n hacia tu mayor bien y potencial. Muchos lugares &hellip;","og_url":"https:\/\/antoniajerez.com\/alma\/canalizacion-a-distancia\/","og_site_name":"Antonia Jerez","article_modified_time":"2022-06-02T10:39:53+00:00","og_image":[{"url":"https:\/\/antoniajerez.com\/alma\/wp-content\/uploads\/2022\/04\/Alma-gab1fc1106_640-e1651160235878.jpg"}],"twitter_card":"summary_large_image","twitter_misc":{"Tiempo de lectura":"1 minuto"},"schema":{"@context":"https:\/\/schema.org","@graph":[{"@type":"WebPage","@id":"https:\/\/antoniajerez.com\/alma\/canalizacion-a-distancia\/","url":"https:\/\/antoniajerez.com\/alma\/canalizacion-a-distancia\/","name":"Canalizaci\u00f3n a distancia - Antonia Jerez","isPartOf":{"@id":"https:\/\/antoniajerez.com\/alma\/#website"},"datePublished":"2022-04-28T14:00:02+00:00","dateModified":"2022-06-02T10:39:53+00:00","breadcrumb":{"@id":"https:\/\/antoniajerez.com\/alma\/canalizacion-a-distancia\/#breadcrumb"},"inLanguage":"es","potentialAction":[{"@type":"ReadAction","target":["https:\/\/antoniajerez.com\/alma\/canalizacion-a-distancia\/"]}]},{"@type":"BreadcrumbList","@id":"https:\/\/antoniajerez.com\/alma\/canalizacion-a-distancia\/#breadcrumb","itemListElement":[{"@type":"ListItem","position":1,"name":"Portada","item":"https:\/\/antoniajerez.com\/alma\/"},{"@type":"ListItem","position":2,"name":"Canalizaci\u00f3n a distancia"}]},{"@type":"WebSite","@id":"https:\/\/antoniajerez.com\/alma\/#website","url":"https:\/\/antoniajerez.com\/alma\/","name":"Antonia Jerez","description":"D\u00e9jate sentir a trav\u00e9s del MASAJE CON CANALIZACION de Antonia.","publisher":{"@id":"https:\/\/antoniajerez.com\/alma\/#\/schema\/person\/3de9a9ade77b6305bf06cdfdf6ba2370"},"potentialAction":[{"@type":"SearchAction","target":{"@type":"EntryPoint","urlTemplate":"https:\/\/antoniajerez.com\/alma\/?s={search_term_string}"},"query-input":"required name=search_term_string"}],"inLanguage":"es"},{"@type":["Person","Organization"],"@id":"https:\/\/antoniajerez.com\/alma\/#\/schema\/person\/3de9a9ade77b6305bf06cdfdf6ba2370","name":"Antonia","image":{"@type":"ImageObject","inLanguage":"es","@id":"https:\/\/antoniajerez.com\/alma\/#\/schema\/person\/image\/","url":"https:\/\/antoniajerez.com\/alma\/wp-content\/uploads\/2022\/04\/cropped-AntoniaJerez-002.jpeg","contentUrl":"https:\/\/antoniajerez.com\/alma\/wp-content\/uploads\/2022\/04\/cropped-AntoniaJerez-002.jpeg","width":512,"height":512,"caption":"Antonia"},"logo":{"@id":"https:\/\/antoniajerez.com\/alma\/#\/schema\/person\/image\/"}}]}},"_links":{"self":[{"href":"https:\/\/antoniajerez.com\/alma\/wp-json\/wp\/v2\/pages\/95"}],"collection":[{"href":"https:\/\/antoniajerez.com\/alma\/wp-json\/wp\/v2\/pages"}],"about":[{"href":"https:\/\/antoniajerez.com\/alma\/wp-json\/wp\/v2\/types\/page"}],"author":[{"embeddable":true,"href":"https:\/\/antoniajerez.com\/alma\/wp-json\/wp\/v2\/users\/1"}],"replies":[{"embeddable":true,"href":"https:\/\/antoniajerez.com\/alma\/wp-json\/wp\/v2\/comments?post=95"}],"version-history":[{"count":6,"href":"https:\/\/antoniajerez.com\/alma\/wp-json\/wp\/v2\/pages\/95\/revisions"}],"predecessor-version":[{"id":791,"href":"https:\/\/antoniajerez.com\/alma\/wp-json\/wp\/v2\/pages\/95\/revisions\/791"}],"wp:attachment":[{"href":"https:\/\/antoniajerez.com\/alma\/wp-json\/wp\/v2\/media?parent=95"}],"curies":[{"name":"wp","href":"https:\/\/api.w.org\/{rel}","templated":true}]}}