{"id":93,"date":"2022-04-28T13:59:39","date_gmt":"2022-04-28T13:59:39","guid":{"rendered":"https:\/\/antoniajerez.com\/alma\/?page_id=93"},"modified":"2023-10-19T22:21:06","modified_gmt":"2023-10-19T22:21:06","slug":"masaje-con-canalizacion","status":"publish","type":"page","link":"https:\/\/antoniajerez.com\/alma\/masaje-con-canalizacion\/","title":{"rendered":"Masaje con canalizaci\u00f3n"},"content":{"rendered":"\t\t<div data-elementor-type=\"wp-page\" data-elementor-id=\"93\" class=\"elementor elementor-93\">\n\t\t\t\t\t\t\t\t\t<section class=\"elementor-section elementor-top-section elementor-element elementor-element-3c222c0d elementor-section-boxed elementor-section-height-default elementor-section-height-default\" data-id=\"3c222c0d\" data-element_type=\"section\">\n\t\t\t\t\t\t<div class=\"elementor-container elementor-column-gap-default\">\n\t\t\t\t\t<div class=\"elementor-column elementor-col-100 elementor-top-column elementor-element elementor-element-6bbc339d\" data-id=\"6bbc339d\" data-element_type=\"column\">\n\t\t\t<div class=\"elementor-widget-wrap elementor-element-populated\">\n\t\t\t\t\t\t\t\t<div class=\"elementor-element elementor-element-7a686c0b elementor-widget elementor-widget-text-editor\" data-id=\"7a686c0b\" data-element_type=\"widget\" data-widget_type=\"text-editor.default\">\n\t\t\t\t<div class=\"elementor-widget-container\">\n\t\t\t<style>\/*! elementor - v3.6.5 - 27-04-2022 *\/\n.elementor-widget-text-editor.elementor-drop-cap-view-stacked .elementor-drop-cap{background-color:#818a91;color:#fff}.elementor-widget-text-editor.elementor-drop-cap-view-framed .elementor-drop-cap{color:#818a91;border:3px solid;background-color:transparent}.elementor-widget-text-editor:not(.elementor-drop-cap-view-default) .elementor-drop-cap{margin-top:8px}.elementor-widget-text-editor:not(.elementor-drop-cap-view-default) .elementor-drop-cap-letter{width:1em;height:1em}.elementor-widget-text-editor .elementor-drop-cap{float:left;text-align:center;line-height:1;font-size:50px}.elementor-widget-text-editor .elementor-drop-cap-letter{display:inline-block}<\/style>\t\t\t\t<!-- wp:heading -->\n<h2><strong>Un camino que parte del cuerpo para llegar al alma.<\/strong><\/h2>\n<!-- \/wp:heading -->\n\n<!-- wp:media-text {\"mediaId\":104,\"mediaType\":\"image\",\"mediaWidth\":41} -->\n<div class=\"wp-block-media-text alignwide is-stacked-on-mobile\" style=\"grid-template-columns:41% auto\"><figure class=\"wp-block-media-text__media\"><img decoding=\"async\" loading=\"lazy\" width=\"200\" height=\"112\" src=\"https:\/\/antoniajerez.com\/alma\/wp-content\/uploads\/2022\/04\/religion-g9d61c84db_640-e1651160171670.jpg\" alt=\"\" class=\"wp-image-104 size-full\"\/><\/figure><div class=\"wp-block-media-text__content\"><!-- wp:paragraph -->\n<p>A trav\u00e9s de la actitud respetuosa y cuidadosa de la terapeuta, este masaje puede llevarnos, si nos entregamos a la experiencia, a una profunda relajaci\u00f3n, a calmar la mente y a estar en el aqu\u00ed y ahora.<\/p>\n<!-- \/wp:paragraph -->\n\n<!-- wp:paragraph -->\n<p>Te ayudar\u00e9 a liberar el dolor, la angustia, a relajar tu cuello, a contactar con tu cuerpo, a dormir mejor, te ense\u00f1ar\u00e9 a respirar. Tenemos el diafragma bloqueado por las emociones no expresadas y ello dificulta que no haya&nbsp;una buena respiraci\u00f3n, haremos que tomes conciencia de tierra, a que disminuya tu ansiedad. Te sentir\u00e1s cuidada.<\/p>\n<!-- \/wp:paragraph -->\n\n<!-- wp:paragraph -->\n<p>Al ser un masaje en el que estoy conectada con tu memoria corporal y la fuente, podemos llegar a niveles m\u00e1s profundos de tu historia corporal, ayudando a liberar tu energ\u00eda reprimida.<\/p>\n<!-- \/wp:paragraph -->\n\n<!-- wp:paragraph -->\n<p>Los verdaderos cambios se producen a trav\u00e9s del compromiso y el amor hacia uno mismo.<\/p>\n<!-- \/wp:paragraph --><\/div><\/div>\n<!-- \/wp:media-text -->\n\n<!-- wp:paragraph -->\n<p>Respirar las resistencias y los bloqueos que se hacen presentes durante el masaje, nos ayuda a darnos cuenta de c\u00f3mo nos tensamos y nos invita a aflojar y a entregarnos a lo que emerja. <\/p>\n<!-- \/wp:paragraph -->\n\n<!-- wp:paragraph -->\n<p>Es una hermosa experiencia que nos lleva a un mayor nivel de consciencia de nuestro cuerpo y, en ocasiones, de nuestra esencia.<\/p>\n<!-- \/wp:paragraph -->\n\n<!-- wp:paragraph -->\n<p>Es un masaje lento y profundo. Dura 120 minutos.<\/p>\n<!-- \/wp:paragraph -->\n\n<!-- wp:buttons -->\n<div class=\"wp-block-buttons\"><!-- wp:button {\"align\":\"center\",\"style\":{\"border\":{\"radius\":\"22px\"},\"color\":{\"gradient\":\"linear-gradient(180deg,rgb(255,206,236) 0%,rgb(86,84,230) 100%)\"}},\"fontSize\":\"medium\"} -->\n<div class=\"wp-block-button aligncenter has-custom-font-size has-medium-font-size\"><a class=\"wp-block-button__link has-background wp-element-button\" href=\"https:\/\/api.whatsapp.com\/send?phone=+34669578163&amp;text=Me%20gustar%C3%ADa%20que%20me%20informaras%20sobre%20tu%20masaje%20con%20canal\" style=\"border-radius:22px;background:linear-gradient(180deg,rgb(255,206,236) 0%,rgb(86,84,230) 100%)\" target=\"_blank\" rel=\"noreferrer noopener\"><strong>P\u00eddeme m\u00e1s informaci\u00f3n<\/strong><\/a><\/div>\n<!-- \/wp:button --><\/div>\n<!-- \/wp:buttons -->\n\n<!-- wp:paragraph -->\n<p><\/p>\n<!-- \/wp:paragraph -->\t\t\t\t\t\t<\/div>\n\t\t\t\t<\/div>\n\t\t\t\t\t<\/div>\n\t\t<\/div>\n\t\t\t\t\t\t\t<\/div>\n\t\t<\/section>\n\t\t\t\t\t\t\t<\/div>\n\t\t","protected":false},"excerpt":{"rendered":"<p>Un masaje para el cuerpo y para el alma.<br \/>\nA trav\u00e9s de la actitud respetuosa y cuidadosa de la terapeuta, este masaje puede llevarnos, si nos entregamos a la experiencia, a una profunda relajaci\u00f3n, a calmar la mente y a estar en el aqu\u00ed y ahora.<\/p>\n","protected":false},"author":1,"featured_media":106,"parent":0,"menu_order":0,"comment_status":"closed","ping_status":"closed","template":"","meta":{"footnotes":""},"yoast_head":"<!-- This site is optimized with the Yoast SEO plugin v21.4 - https:\/\/yoast.com\/wordpress\/plugins\/seo\/ -->\n<title>Masaje con canalizaci\u00f3n<\/title>\n<meta name=\"description\" content=\"Un masaje para el cuerpo y para el alma.A trav\u00e9s de la actitud respetuosa y cuidadosa de la terapeuta, este masaje puede llevarnos, si nos entregamos a la experiencia, a una profunda relajaci\u00f3n, a calmar la mente y a estar en el aqu\u00ed y ahora.\" \/>\n<meta name=\"robots\" content=\"index, follow, max-snippet:-1, max-image-preview:large, max-video-preview:-1\" \/>\n<link rel=\"canonical\" href=\"https:\/\/antoniajerez.com\/alma\/masaje-con-canalizacion\/\" \/>\n<meta property=\"og:locale\" content=\"es_ES\" \/>\n<meta property=\"og:type\" content=\"article\" \/>\n<meta property=\"og:title\" content=\"Masaje con canalizaci\u00f3n\" \/>\n<meta property=\"og:description\" content=\"Un masaje para el cuerpo y para el alma.A trav\u00e9s de la actitud respetuosa y cuidadosa de la terapeuta, este masaje puede llevarnos, si nos entregamos a la experiencia, a una profunda relajaci\u00f3n, a calmar la mente y a estar en el aqu\u00ed y ahora.\" \/>\n<meta property=\"og:url\" content=\"https:\/\/antoniajerez.com\/alma\/masaje-con-canalizacion\/\" \/>\n<meta property=\"og:site_name\" content=\"Antonia Jerez\" \/>\n<meta property=\"article:modified_time\" content=\"2023-10-19T22:21:06+00:00\" \/>\n<meta property=\"og:image\" content=\"https:\/\/antoniajerez.com\/alma\/wp-content\/uploads\/2022\/04\/beach-g8e3f028d5_6402.jpg\" \/>\n\t<meta property=\"og:image:width\" content=\"640\" \/>\n\t<meta property=\"og:image:height\" content=\"170\" \/>\n\t<meta property=\"og:image:type\" content=\"image\/jpeg\" \/>\n<meta name=\"twitter:card\" content=\"summary_large_image\" \/>\n<meta name=\"twitter:label1\" content=\"Tiempo de lectura\" \/>\n\t<meta name=\"twitter:data1\" content=\"2 minutos\" \/>\n<script type=\"application\/ld+json\" class=\"yoast-schema-graph\">{\"@context\":\"https:\/\/schema.org\",\"@graph\":[{\"@type\":\"WebPage\",\"@id\":\"https:\/\/antoniajerez.com\/alma\/masaje-con-canalizacion\/\",\"url\":\"https:\/\/antoniajerez.com\/alma\/masaje-con-canalizacion\/\",\"name\":\"Masaje con canalizaci\u00f3n\",\"isPartOf\":{\"@id\":\"https:\/\/antoniajerez.com\/alma\/#website\"},\"datePublished\":\"2022-04-28T13:59:39+00:00\",\"dateModified\":\"2023-10-19T22:21:06+00:00\",\"description\":\"Un masaje para el cuerpo y para el alma.A trav\u00e9s de la actitud respetuosa y cuidadosa de la terapeuta, este masaje puede llevarnos, si nos entregamos a la experiencia, a una profunda relajaci\u00f3n, a calmar la mente y a estar en el aqu\u00ed y ahora.\",\"breadcrumb\":{\"@id\":\"https:\/\/antoniajerez.com\/alma\/masaje-con-canalizacion\/#breadcrumb\"},\"inLanguage\":\"es\",\"potentialAction\":[{\"@type\":\"ReadAction\",\"target\":[\"https:\/\/antoniajerez.com\/alma\/masaje-con-canalizacion\/\"]}]},{\"@type\":\"BreadcrumbList\",\"@id\":\"https:\/\/antoniajerez.com\/alma\/masaje-con-canalizacion\/#breadcrumb\",\"itemListElement\":[{\"@type\":\"ListItem\",\"position\":1,\"name\":\"Portada\",\"item\":\"https:\/\/antoniajerez.com\/alma\/\"},{\"@type\":\"ListItem\",\"position\":2,\"name\":\"Masaje con canalizaci\u00f3n\"}]},{\"@type\":\"WebSite\",\"@id\":\"https:\/\/antoniajerez.com\/alma\/#website\",\"url\":\"https:\/\/antoniajerez.com\/alma\/\",\"name\":\"Antonia Jerez\",\"description\":\"D\u00e9jate sentir a trav\u00e9s del MASAJE CON CANALIZACION de Antonia.\",\"publisher\":{\"@id\":\"https:\/\/antoniajerez.com\/alma\/#\/schema\/person\/3de9a9ade77b6305bf06cdfdf6ba2370\"},\"potentialAction\":[{\"@type\":\"SearchAction\",\"target\":{\"@type\":\"EntryPoint\",\"urlTemplate\":\"https:\/\/antoniajerez.com\/alma\/?s={search_term_string}\"},\"query-input\":\"required name=search_term_string\"}],\"inLanguage\":\"es\"},{\"@type\":[\"Person\",\"Organization\"],\"@id\":\"https:\/\/antoniajerez.com\/alma\/#\/schema\/person\/3de9a9ade77b6305bf06cdfdf6ba2370\",\"name\":\"Antonia\",\"image\":{\"@type\":\"ImageObject\",\"inLanguage\":\"es\",\"@id\":\"https:\/\/antoniajerez.com\/alma\/#\/schema\/person\/image\/\",\"url\":\"https:\/\/antoniajerez.com\/alma\/wp-content\/uploads\/2022\/04\/cropped-AntoniaJerez-002.jpeg\",\"contentUrl\":\"https:\/\/antoniajerez.com\/alma\/wp-content\/uploads\/2022\/04\/cropped-AntoniaJerez-002.jpeg\",\"width\":512,\"height\":512,\"caption\":\"Antonia\"},\"logo\":{\"@id\":\"https:\/\/antoniajerez.com\/alma\/#\/schema\/person\/image\/\"}}]}<\/script>\n<!-- \/ Yoast SEO plugin. -->","yoast_head_json":{"title":"Masaje con canalizaci\u00f3n","description":"Un masaje para el cuerpo y para el alma.A trav\u00e9s de la actitud respetuosa y cuidadosa de la terapeuta, este masaje puede llevarnos, si nos entregamos a la experiencia, a una profunda relajaci\u00f3n, a calmar la mente y a estar en el aqu\u00ed y ahora.","robots":{"index":"index","follow":"follow","max-snippet":"max-snippet:-1","max-image-preview":"max-image-preview:large","max-video-preview":"max-video-preview:-1"},"canonical":"https:\/\/antoniajerez.com\/alma\/masaje-con-canalizacion\/","og_locale":"es_ES","og_type":"article","og_title":"Masaje con canalizaci\u00f3n","og_description":"Un masaje para el cuerpo y para el alma.A trav\u00e9s de la actitud respetuosa y cuidadosa de la terapeuta, este masaje puede llevarnos, si nos entregamos a la experiencia, a una profunda relajaci\u00f3n, a calmar la mente y a estar en el aqu\u00ed y ahora.","og_url":"https:\/\/antoniajerez.com\/alma\/masaje-con-canalizacion\/","og_site_name":"Antonia Jerez","article_modified_time":"2023-10-19T22:21:06+00:00","og_image":[{"width":640,"height":170,"url":"https:\/\/antoniajerez.com\/alma\/wp-content\/uploads\/2022\/04\/beach-g8e3f028d5_6402.jpg","type":"image\/jpeg"}],"twitter_card":"summary_large_image","twitter_misc":{"Tiempo de lectura":"2 minutos"},"schema":{"@context":"https:\/\/schema.org","@graph":[{"@type":"WebPage","@id":"https:\/\/antoniajerez.com\/alma\/masaje-con-canalizacion\/","url":"https:\/\/antoniajerez.com\/alma\/masaje-con-canalizacion\/","name":"Masaje con canalizaci\u00f3n","isPartOf":{"@id":"https:\/\/antoniajerez.com\/alma\/#website"},"datePublished":"2022-04-28T13:59:39+00:00","dateModified":"2023-10-19T22:21:06+00:00","description":"Un masaje para el cuerpo y para el alma.A trav\u00e9s de la actitud respetuosa y cuidadosa de la terapeuta, este masaje puede llevarnos, si nos entregamos a la experiencia, a una profunda relajaci\u00f3n, a calmar la mente y a estar en el aqu\u00ed y ahora.","breadcrumb":{"@id":"https:\/\/antoniajerez.com\/alma\/masaje-con-canalizacion\/#breadcrumb"},"inLanguage":"es","potentialAction":[{"@type":"ReadAction","target":["https:\/\/antoniajerez.com\/alma\/masaje-con-canalizacion\/"]}]},{"@type":"BreadcrumbList","@id":"https:\/\/antoniajerez.com\/alma\/masaje-con-canalizacion\/#breadcrumb","itemListElement":[{"@type":"ListItem","position":1,"name":"Portada","item":"https:\/\/antoniajerez.com\/alma\/"},{"@type":"ListItem","position":2,"name":"Masaje con canalizaci\u00f3n"}]},{"@type":"WebSite","@id":"https:\/\/antoniajerez.com\/alma\/#website","url":"https:\/\/antoniajerez.com\/alma\/","name":"Antonia Jerez","description":"D\u00e9jate sentir a trav\u00e9s del MASAJE CON CANALIZACION de Antonia.","publisher":{"@id":"https:\/\/antoniajerez.com\/alma\/#\/schema\/person\/3de9a9ade77b6305bf06cdfdf6ba2370"},"potentialAction":[{"@type":"SearchAction","target":{"@type":"EntryPoint","urlTemplate":"https:\/\/antoniajerez.com\/alma\/?s={search_term_string}"},"query-input":"required name=search_term_string"}],"inLanguage":"es"},{"@type":["Person","Organization"],"@id":"https:\/\/antoniajerez.com\/alma\/#\/schema\/person\/3de9a9ade77b6305bf06cdfdf6ba2370","name":"Antonia","image":{"@type":"ImageObject","inLanguage":"es","@id":"https:\/\/antoniajerez.com\/alma\/#\/schema\/person\/image\/","url":"https:\/\/antoniajerez.com\/alma\/wp-content\/uploads\/2022\/04\/cropped-AntoniaJerez-002.jpeg","contentUrl":"https:\/\/antoniajerez.com\/alma\/wp-content\/uploads\/2022\/04\/cropped-AntoniaJerez-002.jpeg","width":512,"height":512,"caption":"Antonia"},"logo":{"@id":"https:\/\/antoniajerez.com\/alma\/#\/schema\/person\/image\/"}}]}},"_links":{"self":[{"href":"https:\/\/antoniajerez.com\/alma\/wp-json\/wp\/v2\/pages\/93"}],"collection":[{"href":"https:\/\/antoniajerez.com\/alma\/wp-json\/wp\/v2\/pages"}],"about":[{"href":"https:\/\/antoniajerez.com\/alma\/wp-json\/wp\/v2\/types\/page"}],"author":[{"embeddable":true,"href":"https:\/\/antoniajerez.com\/alma\/wp-json\/wp\/v2\/users\/1"}],"replies":[{"embeddable":true,"href":"https:\/\/antoniajerez.com\/alma\/wp-json\/wp\/v2\/comments?post=93"}],"version-history":[{"count":15,"href":"https:\/\/antoniajerez.com\/alma\/wp-json\/wp\/v2\/pages\/93\/revisions"}],"predecessor-version":[{"id":983,"href":"https:\/\/antoniajerez.com\/alma\/wp-json\/wp\/v2\/pages\/93\/revisions\/983"}],"wp:featuredmedia":[{"embeddable":true,"href":"https:\/\/antoniajerez.com\/alma\/wp-json\/wp\/v2\/media\/106"}],"wp:attachment":[{"href":"https:\/\/antoniajerez.com\/alma\/wp-json\/wp\/v2\/media?parent=93"}],"curies":[{"name":"wp","href":"https:\/\/api.w.org\/{rel}","templated":true}]}}