{"id":89,"date":"2022-04-28T13:58:18","date_gmt":"2022-04-28T13:58:18","guid":{"rendered":"https:\/\/antoniajerez.com\/alma\/?page_id=89"},"modified":"2022-05-23T18:13:31","modified_gmt":"2022-05-23T18:13:31","slug":"antonia-jerez","status":"publish","type":"page","link":"https:\/\/antoniajerez.com\/alma\/antonia-jerez\/","title":{"rendered":"Antonia Jerez"},"content":{"rendered":"\n<div class=\"wp-block-columns is-layout-flex wp-container-6 wp-block-columns-is-layout-flex\">\n<div class=\"wp-block-column is-layout-flow wp-block-column-is-layout-flow\" style=\"flex-basis:100%\">\n<div class=\"wp-block-columns is-layout-flex wp-container-4 wp-block-columns-is-layout-flex\">\n<div class=\"wp-block-column is-layout-flow wp-block-column-is-layout-flow\" style=\"flex-basis:100%\">\n<div class=\"wp-block-columns is-layout-flex wp-container-2 wp-block-columns-is-layout-flex\">\n<div class=\"wp-block-column is-layout-flow wp-block-column-is-layout-flow\">\n<div class=\"wp-block-media-text alignwide is-stacked-on-mobile\" style=\"grid-template-columns:53% auto\"><figure class=\"wp-block-media-text__media\"><img decoding=\"async\" loading=\"lazy\" width=\"1024\" height=\"683\" src=\"https:\/\/antoniajerez.com\/alma\/wp-content\/uploads\/2022\/05\/WhatsApp-Image-2022-05-23-at-8.03.20-PM-1024x683.jpeg\" alt=\"\" class=\"wp-image-632 size-full\" srcset=\"https:\/\/antoniajerez.com\/alma\/wp-content\/uploads\/2022\/05\/WhatsApp-Image-2022-05-23-at-8.03.20-PM-1024x683.jpeg 1024w, https:\/\/antoniajerez.com\/alma\/wp-content\/uploads\/2022\/05\/WhatsApp-Image-2022-05-23-at-8.03.20-PM-300x200.jpeg 300w, https:\/\/antoniajerez.com\/alma\/wp-content\/uploads\/2022\/05\/WhatsApp-Image-2022-05-23-at-8.03.20-PM-768x512.jpeg 768w, https:\/\/antoniajerez.com\/alma\/wp-content\/uploads\/2022\/05\/WhatsApp-Image-2022-05-23-at-8.03.20-PM-1536x1025.jpeg 1536w, https:\/\/antoniajerez.com\/alma\/wp-content\/uploads\/2022\/05\/WhatsApp-Image-2022-05-23-at-8.03.20-PM-90x60.jpeg 90w, https:\/\/antoniajerez.com\/alma\/wp-content\/uploads\/2022\/05\/WhatsApp-Image-2022-05-23-at-8.03.20-PM-370x247.jpeg 370w, https:\/\/antoniajerez.com\/alma\/wp-content\/uploads\/2022\/05\/WhatsApp-Image-2022-05-23-at-8.03.20-PM-776x517.jpeg 776w, https:\/\/antoniajerez.com\/alma\/wp-content\/uploads\/2022\/05\/WhatsApp-Image-2022-05-23-at-8.03.20-PM.jpeg 1988w\" sizes=\"(max-width: 1024px) 100vw, 1024px\" \/><\/figure><div class=\"wp-block-media-text__content\">\n<p class=\"has-medium-font-size\">Me gusta el trato humano, el cuidado del otro.<\/p>\n\n\n\n<p class=\"has-medium-font-size\">Mi historia familiar, gracias a la cual aprend\u00ed mucho, me llev\u00f3 al proceso terap\u00e9utico. Un largo camino, de m\u00e1s de veinticinco a\u00f1os, en el que me encontr\u00e9 con grandes maestros hacia los que siento un profundo agradecimiento.<\/p>\n\n\n\n<p class=\"has-medium-font-size\">Algo que me ha quedado muy claro, es que el camino para acercarnos de verdad a otro ser humano, es el amor. Y en eso llevo una gran parte de mi vida, transitando ese camino.<\/p>\n<\/div><\/div>\n<\/div>\n<\/div>\n<\/div>\n<\/div>\n<\/div>\n<\/div>\n\n\n\n<p class=\"has-medium-font-size\">Me dedico al Masaje con canalizaci\u00f3n. Ver sus resultados me hace plenamente feliz.<\/p>\n\n\n\n<p class=\"has-medium-font-size\">Estoy formada en:<\/p>\n\n\n\n<p class=\"has-text-align-center has-medium-font-size\">\u00b7 Canalizaci\u00f3n.<\/p>\n\n\n\n<p class=\"has-text-align-center has-medium-font-size\">\u00b7 Terapia Gestalt<\/p>\n\n\n\n<p class=\"has-text-align-center has-medium-font-size\">\u00b7 Terapia Corporal Integrativa.<\/p>\n\n\n\n<p class=\"has-text-align-center has-medium-font-size\">\u00b7 Primer y segundo nivel de Reiki.<\/p>\n\n\n\n<p class=\"has-text-align-center has-medium-font-size\">\u00b7 Masaje Correctivo Profundo. Con Patricia R\u00edos<\/p>\n\n\n\n<p class=\"has-text-align-center has-medium-font-size\">\u00b7 Formada en Cuerpo y Energ\u00eda en Movimiento. Con Patricia R\u00edos<\/p>\n\n\n\n<ul class=\"has-medium-font-size\"><li>Formaci\u00f3n en constelaciones familiares. Con Peter Bourquin y Carmen Cort\u00e9s)<\/li><li>Formaci\u00f3n de Registros akashicos. Con Did\u00e1c Mercader<\/li><\/ul>\n","protected":false},"excerpt":{"rendered":"<p>Me gusta el trato humano, el cuidado del otro. Mi historia familiar, gracias a la cual aprend\u00ed mucho, me llev\u00f3 al proceso terap\u00e9utico. Un largo camino, de m\u00e1s de veinticinco a\u00f1os, en el que me encontr\u00e9 con grandes maestros hacia los que siento un profundo agradecimiento. Algo que me ha &hellip; <\/p>\n","protected":false},"author":1,"featured_media":106,"parent":0,"menu_order":0,"comment_status":"closed","ping_status":"closed","template":"","meta":{"footnotes":""},"yoast_head":"<!-- This site is optimized with the Yoast SEO plugin v21.4 - https:\/\/yoast.com\/wordpress\/plugins\/seo\/ -->\n<title>Antonia Jerez - Antonia Jerez<\/title>\n<meta name=\"robots\" content=\"index, follow, max-snippet:-1, max-image-preview:large, max-video-preview:-1\" \/>\n<link rel=\"canonical\" href=\"https:\/\/antoniajerez.com\/alma\/antonia-jerez\/\" \/>\n<meta property=\"og:locale\" content=\"es_ES\" \/>\n<meta property=\"og:type\" content=\"article\" \/>\n<meta property=\"og:title\" content=\"Antonia Jerez - Antonia Jerez\" \/>\n<meta property=\"og:description\" content=\"Me gusta el trato humano, el cuidado del otro. Mi historia familiar, gracias a la cual aprend\u00ed mucho, me llev\u00f3 al proceso terap\u00e9utico. Un largo camino, de m\u00e1s de veinticinco a\u00f1os, en el que me encontr\u00e9 con grandes maestros hacia los que siento un profundo agradecimiento. Algo que me ha &hellip;\" \/>\n<meta property=\"og:url\" content=\"https:\/\/antoniajerez.com\/alma\/antonia-jerez\/\" \/>\n<meta property=\"og:site_name\" content=\"Antonia Jerez\" \/>\n<meta property=\"article:modified_time\" content=\"2022-05-23T18:13:31+00:00\" \/>\n<meta property=\"og:image\" content=\"https:\/\/antoniajerez.com\/alma\/wp-content\/uploads\/2022\/04\/beach-g8e3f028d5_6402.jpg\" \/>\n\t<meta property=\"og:image:width\" content=\"640\" \/>\n\t<meta property=\"og:image:height\" content=\"170\" \/>\n\t<meta property=\"og:image:type\" content=\"image\/jpeg\" \/>\n<meta name=\"twitter:card\" content=\"summary_large_image\" \/>\n<meta name=\"twitter:label1\" content=\"Tiempo de lectura\" \/>\n\t<meta name=\"twitter:data1\" content=\"1 minuto\" \/>\n<script type=\"application\/ld+json\" class=\"yoast-schema-graph\">{\"@context\":\"https:\/\/schema.org\",\"@graph\":[{\"@type\":\"WebPage\",\"@id\":\"https:\/\/antoniajerez.com\/alma\/antonia-jerez\/\",\"url\":\"https:\/\/antoniajerez.com\/alma\/antonia-jerez\/\",\"name\":\"Antonia Jerez - Antonia Jerez\",\"isPartOf\":{\"@id\":\"https:\/\/antoniajerez.com\/alma\/#website\"},\"datePublished\":\"2022-04-28T13:58:18+00:00\",\"dateModified\":\"2022-05-23T18:13:31+00:00\",\"breadcrumb\":{\"@id\":\"https:\/\/antoniajerez.com\/alma\/antonia-jerez\/#breadcrumb\"},\"inLanguage\":\"es\",\"potentialAction\":[{\"@type\":\"ReadAction\",\"target\":[\"https:\/\/antoniajerez.com\/alma\/antonia-jerez\/\"]}]},{\"@type\":\"BreadcrumbList\",\"@id\":\"https:\/\/antoniajerez.com\/alma\/antonia-jerez\/#breadcrumb\",\"itemListElement\":[{\"@type\":\"ListItem\",\"position\":1,\"name\":\"Portada\",\"item\":\"https:\/\/antoniajerez.com\/alma\/\"},{\"@type\":\"ListItem\",\"position\":2,\"name\":\"Antonia Jerez\"}]},{\"@type\":\"WebSite\",\"@id\":\"https:\/\/antoniajerez.com\/alma\/#website\",\"url\":\"https:\/\/antoniajerez.com\/alma\/\",\"name\":\"Antonia Jerez\",\"description\":\"D\u00e9jate sentir a trav\u00e9s del MASAJE CON CANALIZACION de Antonia.\",\"publisher\":{\"@id\":\"https:\/\/antoniajerez.com\/alma\/#\/schema\/person\/3de9a9ade77b6305bf06cdfdf6ba2370\"},\"potentialAction\":[{\"@type\":\"SearchAction\",\"target\":{\"@type\":\"EntryPoint\",\"urlTemplate\":\"https:\/\/antoniajerez.com\/alma\/?s={search_term_string}\"},\"query-input\":\"required name=search_term_string\"}],\"inLanguage\":\"es\"},{\"@type\":[\"Person\",\"Organization\"],\"@id\":\"https:\/\/antoniajerez.com\/alma\/#\/schema\/person\/3de9a9ade77b6305bf06cdfdf6ba2370\",\"name\":\"Antonia\",\"image\":{\"@type\":\"ImageObject\",\"inLanguage\":\"es\",\"@id\":\"https:\/\/antoniajerez.com\/alma\/#\/schema\/person\/image\/\",\"url\":\"https:\/\/antoniajerez.com\/alma\/wp-content\/uploads\/2022\/04\/cropped-AntoniaJerez-002.jpeg\",\"contentUrl\":\"https:\/\/antoniajerez.com\/alma\/wp-content\/uploads\/2022\/04\/cropped-AntoniaJerez-002.jpeg\",\"width\":512,\"height\":512,\"caption\":\"Antonia\"},\"logo\":{\"@id\":\"https:\/\/antoniajerez.com\/alma\/#\/schema\/person\/image\/\"}}]}<\/script>\n<!-- \/ Yoast SEO plugin. -->","yoast_head_json":{"title":"Antonia Jerez - Antonia Jerez","robots":{"index":"index","follow":"follow","max-snippet":"max-snippet:-1","max-image-preview":"max-image-preview:large","max-video-preview":"max-video-preview:-1"},"canonical":"https:\/\/antoniajerez.com\/alma\/antonia-jerez\/","og_locale":"es_ES","og_type":"article","og_title":"Antonia Jerez - Antonia Jerez","og_description":"Me gusta el trato humano, el cuidado del otro. Mi historia familiar, gracias a la cual aprend\u00ed mucho, me llev\u00f3 al proceso terap\u00e9utico. Un largo camino, de m\u00e1s de veinticinco a\u00f1os, en el que me encontr\u00e9 con grandes maestros hacia los que siento un profundo agradecimiento. Algo que me ha &hellip;","og_url":"https:\/\/antoniajerez.com\/alma\/antonia-jerez\/","og_site_name":"Antonia Jerez","article_modified_time":"2022-05-23T18:13:31+00:00","og_image":[{"width":640,"height":170,"url":"https:\/\/antoniajerez.com\/alma\/wp-content\/uploads\/2022\/04\/beach-g8e3f028d5_6402.jpg","type":"image\/jpeg"}],"twitter_card":"summary_large_image","twitter_misc":{"Tiempo de lectura":"1 minuto"},"schema":{"@context":"https:\/\/schema.org","@graph":[{"@type":"WebPage","@id":"https:\/\/antoniajerez.com\/alma\/antonia-jerez\/","url":"https:\/\/antoniajerez.com\/alma\/antonia-jerez\/","name":"Antonia Jerez - Antonia Jerez","isPartOf":{"@id":"https:\/\/antoniajerez.com\/alma\/#website"},"datePublished":"2022-04-28T13:58:18+00:00","dateModified":"2022-05-23T18:13:31+00:00","breadcrumb":{"@id":"https:\/\/antoniajerez.com\/alma\/antonia-jerez\/#breadcrumb"},"inLanguage":"es","potentialAction":[{"@type":"ReadAction","target":["https:\/\/antoniajerez.com\/alma\/antonia-jerez\/"]}]},{"@type":"BreadcrumbList","@id":"https:\/\/antoniajerez.com\/alma\/antonia-jerez\/#breadcrumb","itemListElement":[{"@type":"ListItem","position":1,"name":"Portada","item":"https:\/\/antoniajerez.com\/alma\/"},{"@type":"ListItem","position":2,"name":"Antonia Jerez"}]},{"@type":"WebSite","@id":"https:\/\/antoniajerez.com\/alma\/#website","url":"https:\/\/antoniajerez.com\/alma\/","name":"Antonia Jerez","description":"D\u00e9jate sentir a trav\u00e9s del MASAJE CON CANALIZACION de Antonia.","publisher":{"@id":"https:\/\/antoniajerez.com\/alma\/#\/schema\/person\/3de9a9ade77b6305bf06cdfdf6ba2370"},"potentialAction":[{"@type":"SearchAction","target":{"@type":"EntryPoint","urlTemplate":"https:\/\/antoniajerez.com\/alma\/?s={search_term_string}"},"query-input":"required name=search_term_string"}],"inLanguage":"es"},{"@type":["Person","Organization"],"@id":"https:\/\/antoniajerez.com\/alma\/#\/schema\/person\/3de9a9ade77b6305bf06cdfdf6ba2370","name":"Antonia","image":{"@type":"ImageObject","inLanguage":"es","@id":"https:\/\/antoniajerez.com\/alma\/#\/schema\/person\/image\/","url":"https:\/\/antoniajerez.com\/alma\/wp-content\/uploads\/2022\/04\/cropped-AntoniaJerez-002.jpeg","contentUrl":"https:\/\/antoniajerez.com\/alma\/wp-content\/uploads\/2022\/04\/cropped-AntoniaJerez-002.jpeg","width":512,"height":512,"caption":"Antonia"},"logo":{"@id":"https:\/\/antoniajerez.com\/alma\/#\/schema\/person\/image\/"}}]}},"_links":{"self":[{"href":"https:\/\/antoniajerez.com\/alma\/wp-json\/wp\/v2\/pages\/89"}],"collection":[{"href":"https:\/\/antoniajerez.com\/alma\/wp-json\/wp\/v2\/pages"}],"about":[{"href":"https:\/\/antoniajerez.com\/alma\/wp-json\/wp\/v2\/types\/page"}],"author":[{"embeddable":true,"href":"https:\/\/antoniajerez.com\/alma\/wp-json\/wp\/v2\/users\/1"}],"replies":[{"embeddable":true,"href":"https:\/\/antoniajerez.com\/alma\/wp-json\/wp\/v2\/comments?post=89"}],"version-history":[{"count":5,"href":"https:\/\/antoniajerez.com\/alma\/wp-json\/wp\/v2\/pages\/89\/revisions"}],"predecessor-version":[{"id":633,"href":"https:\/\/antoniajerez.com\/alma\/wp-json\/wp\/v2\/pages\/89\/revisions\/633"}],"wp:featuredmedia":[{"embeddable":true,"href":"https:\/\/antoniajerez.com\/alma\/wp-json\/wp\/v2\/media\/106"}],"wp:attachment":[{"href":"https:\/\/antoniajerez.com\/alma\/wp-json\/wp\/v2\/media?parent=89"}],"curies":[{"name":"wp","href":"https:\/\/api.w.org\/{rel}","templated":true}]}}