{"id":779,"date":"2022-06-02T10:22:43","date_gmt":"2022-06-02T10:22:43","guid":{"rendered":"https:\/\/antoniajerez.com\/alma\/?page_id=779"},"modified":"2022-08-02T18:42:10","modified_gmt":"2022-08-02T18:42:10","slug":"acompanamiento-al-duelo","status":"publish","type":"page","link":"https:\/\/antoniajerez.com\/alma\/acompanamiento-al-duelo\/","title":{"rendered":"Acompa\u00f1amiento al duelo."},"content":{"rendered":"\n<p>Cada duelo es \u00fanico, pero todos tienen algo en com\u00fan: No tienen que ser vividos en oscuridad y soledad. Permite que te acompa\u00f1e en tu proceso con el amor que desde el Universo mana para estas situaciones.<\/p>\n\n\n\n<p>El duelo es una reacci\u00f3n normal y natural a una perdida de cualquier tipo, pero no todos lo podemos expresar y con m\u00e1s frecuencia de lo que nos gustar\u00eda nos \u00abtragamos\u00bb la emoci\u00f3n que queda reprimida en nuestro cuerpo.<\/p>\n\n\n\n<p>Aflorando como ansiedad, angustia, miedos, depresi\u00f3n, insomnio, empeoramiento de nuestras relaciones con los dem\u00e1s y todo ello sin que tomemos consciencia de su origen.<br>Sin necesidad de palabras, con el masaje con canal podemos profundizar en memorias corporales y darles su liberaci\u00f3n.<\/p>\n\n\n\n<p>D\u00e9jame que te acompa\u00f1e en tu proceso de integraci\u00f3n del duelo que aliviara tu dolor.<\/p>\n\n\n\n<p>M\u00e1ndame un mensaje y tenemos una entrevista telef\u00f3nica gratuita.<\/p>\n\n\n\n<p><\/p>\n","protected":false},"excerpt":{"rendered":"<p>Cada duelo es \u00fanico, pero todos tienen algo en com\u00fan: No tienen que ser vividos en oscuridad y soledad. Permite que te acompa\u00f1e en tu proceso con el amor que desde el Universo mana para estas situaciones. El duelo es una reacci\u00f3n normal y natural a una perdida de cualquier &hellip; <\/p>\n","protected":false},"author":1,"featured_media":104,"parent":0,"menu_order":0,"comment_status":"closed","ping_status":"closed","template":"","meta":{"footnotes":""},"yoast_head":"<!-- This site is optimized with the Yoast SEO plugin v21.4 - https:\/\/yoast.com\/wordpress\/plugins\/seo\/ -->\n<title>Acompa\u00f1amiento al duelo. - Antonia Jerez<\/title>\n<meta name=\"robots\" content=\"index, follow, max-snippet:-1, max-image-preview:large, max-video-preview:-1\" \/>\n<link rel=\"canonical\" href=\"https:\/\/antoniajerez.com\/alma\/acompanamiento-al-duelo\/\" \/>\n<meta property=\"og:locale\" content=\"es_ES\" \/>\n<meta property=\"og:type\" content=\"article\" \/>\n<meta property=\"og:title\" content=\"Acompa\u00f1amiento al duelo. - Antonia Jerez\" \/>\n<meta property=\"og:description\" content=\"Cada duelo es \u00fanico, pero todos tienen algo en com\u00fan: No tienen que ser vividos en oscuridad y soledad. Permite que te acompa\u00f1e en tu proceso con el amor que desde el Universo mana para estas situaciones. El duelo es una reacci\u00f3n normal y natural a una perdida de cualquier &hellip;\" \/>\n<meta property=\"og:url\" content=\"https:\/\/antoniajerez.com\/alma\/acompanamiento-al-duelo\/\" \/>\n<meta property=\"og:site_name\" content=\"Antonia Jerez\" \/>\n<meta property=\"article:modified_time\" content=\"2022-08-02T18:42:10+00:00\" \/>\n<meta property=\"og:image\" content=\"https:\/\/antoniajerez.com\/alma\/wp-content\/uploads\/2022\/04\/religion-g9d61c84db_640-e1651160171670.jpg\" \/>\n\t<meta property=\"og:image:width\" content=\"200\" \/>\n\t<meta property=\"og:image:height\" content=\"112\" \/>\n\t<meta property=\"og:image:type\" content=\"image\/jpeg\" \/>\n<meta name=\"twitter:card\" content=\"summary_large_image\" \/>\n<meta name=\"twitter:label1\" content=\"Tiempo de lectura\" \/>\n\t<meta name=\"twitter:data1\" content=\"1 minuto\" \/>\n<script type=\"application\/ld+json\" class=\"yoast-schema-graph\">{\"@context\":\"https:\/\/schema.org\",\"@graph\":[{\"@type\":\"WebPage\",\"@id\":\"https:\/\/antoniajerez.com\/alma\/acompanamiento-al-duelo\/\",\"url\":\"https:\/\/antoniajerez.com\/alma\/acompanamiento-al-duelo\/\",\"name\":\"Acompa\u00f1amiento al duelo. - Antonia Jerez\",\"isPartOf\":{\"@id\":\"https:\/\/antoniajerez.com\/alma\/#website\"},\"datePublished\":\"2022-06-02T10:22:43+00:00\",\"dateModified\":\"2022-08-02T18:42:10+00:00\",\"breadcrumb\":{\"@id\":\"https:\/\/antoniajerez.com\/alma\/acompanamiento-al-duelo\/#breadcrumb\"},\"inLanguage\":\"es\",\"potentialAction\":[{\"@type\":\"ReadAction\",\"target\":[\"https:\/\/antoniajerez.com\/alma\/acompanamiento-al-duelo\/\"]}]},{\"@type\":\"BreadcrumbList\",\"@id\":\"https:\/\/antoniajerez.com\/alma\/acompanamiento-al-duelo\/#breadcrumb\",\"itemListElement\":[{\"@type\":\"ListItem\",\"position\":1,\"name\":\"Portada\",\"item\":\"https:\/\/antoniajerez.com\/alma\/\"},{\"@type\":\"ListItem\",\"position\":2,\"name\":\"Acompa\u00f1amiento al duelo.\"}]},{\"@type\":\"WebSite\",\"@id\":\"https:\/\/antoniajerez.com\/alma\/#website\",\"url\":\"https:\/\/antoniajerez.com\/alma\/\",\"name\":\"Antonia Jerez\",\"description\":\"D\u00e9jate sentir a trav\u00e9s del MASAJE CON CANALIZACION de Antonia.\",\"publisher\":{\"@id\":\"https:\/\/antoniajerez.com\/alma\/#\/schema\/person\/3de9a9ade77b6305bf06cdfdf6ba2370\"},\"potentialAction\":[{\"@type\":\"SearchAction\",\"target\":{\"@type\":\"EntryPoint\",\"urlTemplate\":\"https:\/\/antoniajerez.com\/alma\/?s={search_term_string}\"},\"query-input\":\"required name=search_term_string\"}],\"inLanguage\":\"es\"},{\"@type\":[\"Person\",\"Organization\"],\"@id\":\"https:\/\/antoniajerez.com\/alma\/#\/schema\/person\/3de9a9ade77b6305bf06cdfdf6ba2370\",\"name\":\"Antonia\",\"image\":{\"@type\":\"ImageObject\",\"inLanguage\":\"es\",\"@id\":\"https:\/\/antoniajerez.com\/alma\/#\/schema\/person\/image\/\",\"url\":\"https:\/\/antoniajerez.com\/alma\/wp-content\/uploads\/2022\/04\/cropped-AntoniaJerez-002.jpeg\",\"contentUrl\":\"https:\/\/antoniajerez.com\/alma\/wp-content\/uploads\/2022\/04\/cropped-AntoniaJerez-002.jpeg\",\"width\":512,\"height\":512,\"caption\":\"Antonia\"},\"logo\":{\"@id\":\"https:\/\/antoniajerez.com\/alma\/#\/schema\/person\/image\/\"}}]}<\/script>\n<!-- \/ Yoast SEO plugin. -->","yoast_head_json":{"title":"Acompa\u00f1amiento al duelo. - Antonia Jerez","robots":{"index":"index","follow":"follow","max-snippet":"max-snippet:-1","max-image-preview":"max-image-preview:large","max-video-preview":"max-video-preview:-1"},"canonical":"https:\/\/antoniajerez.com\/alma\/acompanamiento-al-duelo\/","og_locale":"es_ES","og_type":"article","og_title":"Acompa\u00f1amiento al duelo. - Antonia Jerez","og_description":"Cada duelo es \u00fanico, pero todos tienen algo en com\u00fan: No tienen que ser vividos en oscuridad y soledad. Permite que te acompa\u00f1e en tu proceso con el amor que desde el Universo mana para estas situaciones. El duelo es una reacci\u00f3n normal y natural a una perdida de cualquier &hellip;","og_url":"https:\/\/antoniajerez.com\/alma\/acompanamiento-al-duelo\/","og_site_name":"Antonia Jerez","article_modified_time":"2022-08-02T18:42:10+00:00","og_image":[{"width":200,"height":112,"url":"https:\/\/antoniajerez.com\/alma\/wp-content\/uploads\/2022\/04\/religion-g9d61c84db_640-e1651160171670.jpg","type":"image\/jpeg"}],"twitter_card":"summary_large_image","twitter_misc":{"Tiempo de lectura":"1 minuto"},"schema":{"@context":"https:\/\/schema.org","@graph":[{"@type":"WebPage","@id":"https:\/\/antoniajerez.com\/alma\/acompanamiento-al-duelo\/","url":"https:\/\/antoniajerez.com\/alma\/acompanamiento-al-duelo\/","name":"Acompa\u00f1amiento al duelo. - Antonia Jerez","isPartOf":{"@id":"https:\/\/antoniajerez.com\/alma\/#website"},"datePublished":"2022-06-02T10:22:43+00:00","dateModified":"2022-08-02T18:42:10+00:00","breadcrumb":{"@id":"https:\/\/antoniajerez.com\/alma\/acompanamiento-al-duelo\/#breadcrumb"},"inLanguage":"es","potentialAction":[{"@type":"ReadAction","target":["https:\/\/antoniajerez.com\/alma\/acompanamiento-al-duelo\/"]}]},{"@type":"BreadcrumbList","@id":"https:\/\/antoniajerez.com\/alma\/acompanamiento-al-duelo\/#breadcrumb","itemListElement":[{"@type":"ListItem","position":1,"name":"Portada","item":"https:\/\/antoniajerez.com\/alma\/"},{"@type":"ListItem","position":2,"name":"Acompa\u00f1amiento al duelo."}]},{"@type":"WebSite","@id":"https:\/\/antoniajerez.com\/alma\/#website","url":"https:\/\/antoniajerez.com\/alma\/","name":"Antonia Jerez","description":"D\u00e9jate sentir a trav\u00e9s del MASAJE CON CANALIZACION de Antonia.","publisher":{"@id":"https:\/\/antoniajerez.com\/alma\/#\/schema\/person\/3de9a9ade77b6305bf06cdfdf6ba2370"},"potentialAction":[{"@type":"SearchAction","target":{"@type":"EntryPoint","urlTemplate":"https:\/\/antoniajerez.com\/alma\/?s={search_term_string}"},"query-input":"required name=search_term_string"}],"inLanguage":"es"},{"@type":["Person","Organization"],"@id":"https:\/\/antoniajerez.com\/alma\/#\/schema\/person\/3de9a9ade77b6305bf06cdfdf6ba2370","name":"Antonia","image":{"@type":"ImageObject","inLanguage":"es","@id":"https:\/\/antoniajerez.com\/alma\/#\/schema\/person\/image\/","url":"https:\/\/antoniajerez.com\/alma\/wp-content\/uploads\/2022\/04\/cropped-AntoniaJerez-002.jpeg","contentUrl":"https:\/\/antoniajerez.com\/alma\/wp-content\/uploads\/2022\/04\/cropped-AntoniaJerez-002.jpeg","width":512,"height":512,"caption":"Antonia"},"logo":{"@id":"https:\/\/antoniajerez.com\/alma\/#\/schema\/person\/image\/"}}]}},"_links":{"self":[{"href":"https:\/\/antoniajerez.com\/alma\/wp-json\/wp\/v2\/pages\/779"}],"collection":[{"href":"https:\/\/antoniajerez.com\/alma\/wp-json\/wp\/v2\/pages"}],"about":[{"href":"https:\/\/antoniajerez.com\/alma\/wp-json\/wp\/v2\/types\/page"}],"author":[{"embeddable":true,"href":"https:\/\/antoniajerez.com\/alma\/wp-json\/wp\/v2\/users\/1"}],"replies":[{"embeddable":true,"href":"https:\/\/antoniajerez.com\/alma\/wp-json\/wp\/v2\/comments?post=779"}],"version-history":[{"count":3,"href":"https:\/\/antoniajerez.com\/alma\/wp-json\/wp\/v2\/pages\/779\/revisions"}],"predecessor-version":[{"id":816,"href":"https:\/\/antoniajerez.com\/alma\/wp-json\/wp\/v2\/pages\/779\/revisions\/816"}],"wp:featuredmedia":[{"embeddable":true,"href":"https:\/\/antoniajerez.com\/alma\/wp-json\/wp\/v2\/media\/104"}],"wp:attachment":[{"href":"https:\/\/antoniajerez.com\/alma\/wp-json\/wp\/v2\/media?parent=779"}],"curies":[{"name":"wp","href":"https:\/\/api.w.org\/{rel}","templated":true}]}}