{"id":621,"date":"2022-05-31T15:25:04","date_gmt":"2022-05-31T15:25:04","guid":{"rendered":"https:\/\/antoniajerez.com\/alma\/?page_id=621"},"modified":"2022-05-31T15:34:10","modified_gmt":"2022-05-31T15:34:10","slug":"acompanamiento-a-la-madre","status":"publish","type":"page","link":"https:\/\/antoniajerez.com\/alma\/acompanamiento-a-la-madre\/","title":{"rendered":"<!--Acompa\u00f1amiento a la Madre-->"},"content":{"rendered":"\n<p class=\"has-large-font-size\"><strong>Acompa\u00f1amiento a la madre.<\/strong><\/p>\n\n\n<p>Ser madre es una experiencia \u00fanica y por eso te quiero ofrecer mi canal a distancia.<\/p>\n<p>Te acompa\u00f1ar\u00e9, con la ayuda de la conexi\u00f3n con la fuente y desde la escucha sin juicio y te comunicar\u00e9 toda la informaci\u00f3n recibida para poner luz en los conflictos que puedas tener.<\/p>\n<p>Las madres a las que he acompa\u00f1ado han visto cambios en sus hijos despu\u00e9s de hacer una canalizaci\u00f3n a distancia conmigo.<\/p>\n<p>Ponte en contacto conmigo e iniciaremos un proceso de sanaci\u00f3n, estar\u00e9 encantada de acompa\u00f1arte<\/p>\n<p>Madres y padres con problemas desde hac\u00eda a\u00f1os han visto como ahora sus hijos est\u00e1n m\u00e1s tranquilos y siguen un camino de futuro.<\/p>\n<p>Te ofrezco una entrevista de 15 minutos gratuita.<\/p>\n<p>\u00a0<\/p>\n\n\n<div class=\"wp-block-buttons is-content-justification-center is-layout-flex wp-container-1 wp-block-buttons-is-layout-flex\">\n<div class=\"wp-block-button has-custom-font-size is-style-fill\" style=\"font-size:25px\"><a class=\"wp-block-button__link has-white-color has-text-color has-background\" href=\"https:\/\/api.whatsapp.com\/send?phone=+34669578163&amp;text=Me%20gustar%C3%ADa%20tener%20una%20entrvista%20gratuita%20para%20madres\" style=\"background:linear-gradient(27deg,rgb(74,234,220) 0%,rgb(151,120,209) 20%,rgb(207,42,186) 40%,rgb(238,44,130) 60%,rgb(251,105,98) 80%,rgb(254,248,76) 100%)\" target=\"_blank\" rel=\"noreferrer noopener\">Clic aqu\u00ed para la entrevista gratuita<\/a><\/div>\n<\/div>\n","protected":false},"excerpt":{"rendered":"<p>Acompa\u00f1amiento a la madre. Ser madre es una experiencia \u00fanica y por eso te quiero ofrecer mi canal a distancia. Te acompa\u00f1ar\u00e9, con la ayuda de la conexi\u00f3n con la fuente y desde la escucha sin juicio y te comunicar\u00e9 toda la informaci\u00f3n recibida para poner luz en los conflictos &hellip; <\/p>\n","protected":false},"author":1,"featured_media":50,"parent":0,"menu_order":0,"comment_status":"closed","ping_status":"closed","template":"","meta":{"footnotes":""},"yoast_head":"<!-- This site is optimized with the Yoast SEO plugin v21.4 - https:\/\/yoast.com\/wordpress\/plugins\/seo\/ -->\n<title>- Antonia Jerez<\/title>\n<meta name=\"robots\" content=\"index, follow, max-snippet:-1, max-image-preview:large, max-video-preview:-1\" \/>\n<link rel=\"canonical\" href=\"https:\/\/antoniajerez.com\/alma\/acompanamiento-a-la-madre\/\" \/>\n<meta property=\"og:locale\" content=\"es_ES\" \/>\n<meta property=\"og:type\" content=\"article\" \/>\n<meta property=\"og:title\" content=\"- Antonia Jerez\" \/>\n<meta property=\"og:description\" content=\"Acompa\u00f1amiento a la madre. Ser madre es una experiencia \u00fanica y por eso te quiero ofrecer mi canal a distancia. Te acompa\u00f1ar\u00e9, con la ayuda de la conexi\u00f3n con la fuente y desde la escucha sin juicio y te comunicar\u00e9 toda la informaci\u00f3n recibida para poner luz en los conflictos &hellip;\" \/>\n<meta property=\"og:url\" content=\"https:\/\/antoniajerez.com\/alma\/acompanamiento-a-la-madre\/\" \/>\n<meta property=\"og:site_name\" content=\"Antonia Jerez\" \/>\n<meta property=\"article:modified_time\" content=\"2022-05-31T15:34:10+00:00\" \/>\n<meta property=\"og:image\" content=\"https:\/\/antoniajerez.com\/alma\/wp-content\/uploads\/2017\/10\/adult-gfd7a3c82f_640.jpg\" \/>\n\t<meta property=\"og:image:width\" content=\"640\" \/>\n\t<meta property=\"og:image:height\" content=\"426\" \/>\n\t<meta property=\"og:image:type\" content=\"image\/jpeg\" \/>\n<meta name=\"twitter:card\" content=\"summary_large_image\" \/>\n<meta name=\"twitter:label1\" content=\"Tiempo de lectura\" \/>\n\t<meta name=\"twitter:data1\" content=\"1 minuto\" \/>\n<script type=\"application\/ld+json\" class=\"yoast-schema-graph\">{\"@context\":\"https:\/\/schema.org\",\"@graph\":[{\"@type\":\"WebPage\",\"@id\":\"https:\/\/antoniajerez.com\/alma\/acompanamiento-a-la-madre\/\",\"url\":\"https:\/\/antoniajerez.com\/alma\/acompanamiento-a-la-madre\/\",\"name\":\"- Antonia Jerez\",\"isPartOf\":{\"@id\":\"https:\/\/antoniajerez.com\/alma\/#website\"},\"datePublished\":\"2022-05-31T15:25:04+00:00\",\"dateModified\":\"2022-05-31T15:34:10+00:00\",\"inLanguage\":\"es\",\"potentialAction\":[{\"@type\":\"ReadAction\",\"target\":[\"https:\/\/antoniajerez.com\/alma\/acompanamiento-a-la-madre\/\"]}]},{\"@type\":\"WebSite\",\"@id\":\"https:\/\/antoniajerez.com\/alma\/#website\",\"url\":\"https:\/\/antoniajerez.com\/alma\/\",\"name\":\"Antonia Jerez\",\"description\":\"D\u00e9jate sentir a trav\u00e9s del MASAJE CON CANALIZACION de Antonia.\",\"publisher\":{\"@id\":\"https:\/\/antoniajerez.com\/alma\/#\/schema\/person\/3de9a9ade77b6305bf06cdfdf6ba2370\"},\"potentialAction\":[{\"@type\":\"SearchAction\",\"target\":{\"@type\":\"EntryPoint\",\"urlTemplate\":\"https:\/\/antoniajerez.com\/alma\/?s={search_term_string}\"},\"query-input\":\"required name=search_term_string\"}],\"inLanguage\":\"es\"},{\"@type\":[\"Person\",\"Organization\"],\"@id\":\"https:\/\/antoniajerez.com\/alma\/#\/schema\/person\/3de9a9ade77b6305bf06cdfdf6ba2370\",\"name\":\"Antonia\",\"image\":{\"@type\":\"ImageObject\",\"inLanguage\":\"es\",\"@id\":\"https:\/\/antoniajerez.com\/alma\/#\/schema\/person\/image\/\",\"url\":\"https:\/\/antoniajerez.com\/alma\/wp-content\/uploads\/2022\/04\/cropped-AntoniaJerez-002.jpeg\",\"contentUrl\":\"https:\/\/antoniajerez.com\/alma\/wp-content\/uploads\/2022\/04\/cropped-AntoniaJerez-002.jpeg\",\"width\":512,\"height\":512,\"caption\":\"Antonia\"},\"logo\":{\"@id\":\"https:\/\/antoniajerez.com\/alma\/#\/schema\/person\/image\/\"}}]}<\/script>\n<!-- \/ Yoast SEO plugin. -->","yoast_head_json":{"title":"- Antonia Jerez","robots":{"index":"index","follow":"follow","max-snippet":"max-snippet:-1","max-image-preview":"max-image-preview:large","max-video-preview":"max-video-preview:-1"},"canonical":"https:\/\/antoniajerez.com\/alma\/acompanamiento-a-la-madre\/","og_locale":"es_ES","og_type":"article","og_title":"- Antonia Jerez","og_description":"Acompa\u00f1amiento a la madre. Ser madre es una experiencia \u00fanica y por eso te quiero ofrecer mi canal a distancia. Te acompa\u00f1ar\u00e9, con la ayuda de la conexi\u00f3n con la fuente y desde la escucha sin juicio y te comunicar\u00e9 toda la informaci\u00f3n recibida para poner luz en los conflictos &hellip;","og_url":"https:\/\/antoniajerez.com\/alma\/acompanamiento-a-la-madre\/","og_site_name":"Antonia Jerez","article_modified_time":"2022-05-31T15:34:10+00:00","og_image":[{"width":640,"height":426,"url":"https:\/\/antoniajerez.com\/alma\/wp-content\/uploads\/2017\/10\/adult-gfd7a3c82f_640.jpg","type":"image\/jpeg"}],"twitter_card":"summary_large_image","twitter_misc":{"Tiempo de lectura":"1 minuto"},"schema":{"@context":"https:\/\/schema.org","@graph":[{"@type":"WebPage","@id":"https:\/\/antoniajerez.com\/alma\/acompanamiento-a-la-madre\/","url":"https:\/\/antoniajerez.com\/alma\/acompanamiento-a-la-madre\/","name":"- Antonia Jerez","isPartOf":{"@id":"https:\/\/antoniajerez.com\/alma\/#website"},"datePublished":"2022-05-31T15:25:04+00:00","dateModified":"2022-05-31T15:34:10+00:00","inLanguage":"es","potentialAction":[{"@type":"ReadAction","target":["https:\/\/antoniajerez.com\/alma\/acompanamiento-a-la-madre\/"]}]},{"@type":"WebSite","@id":"https:\/\/antoniajerez.com\/alma\/#website","url":"https:\/\/antoniajerez.com\/alma\/","name":"Antonia Jerez","description":"D\u00e9jate sentir a trav\u00e9s del MASAJE CON CANALIZACION de Antonia.","publisher":{"@id":"https:\/\/antoniajerez.com\/alma\/#\/schema\/person\/3de9a9ade77b6305bf06cdfdf6ba2370"},"potentialAction":[{"@type":"SearchAction","target":{"@type":"EntryPoint","urlTemplate":"https:\/\/antoniajerez.com\/alma\/?s={search_term_string}"},"query-input":"required name=search_term_string"}],"inLanguage":"es"},{"@type":["Person","Organization"],"@id":"https:\/\/antoniajerez.com\/alma\/#\/schema\/person\/3de9a9ade77b6305bf06cdfdf6ba2370","name":"Antonia","image":{"@type":"ImageObject","inLanguage":"es","@id":"https:\/\/antoniajerez.com\/alma\/#\/schema\/person\/image\/","url":"https:\/\/antoniajerez.com\/alma\/wp-content\/uploads\/2022\/04\/cropped-AntoniaJerez-002.jpeg","contentUrl":"https:\/\/antoniajerez.com\/alma\/wp-content\/uploads\/2022\/04\/cropped-AntoniaJerez-002.jpeg","width":512,"height":512,"caption":"Antonia"},"logo":{"@id":"https:\/\/antoniajerez.com\/alma\/#\/schema\/person\/image\/"}}]}},"_links":{"self":[{"href":"https:\/\/antoniajerez.com\/alma\/wp-json\/wp\/v2\/pages\/621"}],"collection":[{"href":"https:\/\/antoniajerez.com\/alma\/wp-json\/wp\/v2\/pages"}],"about":[{"href":"https:\/\/antoniajerez.com\/alma\/wp-json\/wp\/v2\/types\/page"}],"author":[{"embeddable":true,"href":"https:\/\/antoniajerez.com\/alma\/wp-json\/wp\/v2\/users\/1"}],"replies":[{"embeddable":true,"href":"https:\/\/antoniajerez.com\/alma\/wp-json\/wp\/v2\/comments?post=621"}],"version-history":[{"count":8,"href":"https:\/\/antoniajerez.com\/alma\/wp-json\/wp\/v2\/pages\/621\/revisions"}],"predecessor-version":[{"id":814,"href":"https:\/\/antoniajerez.com\/alma\/wp-json\/wp\/v2\/pages\/621\/revisions\/814"}],"wp:featuredmedia":[{"embeddable":true,"href":"https:\/\/antoniajerez.com\/alma\/wp-json\/wp\/v2\/media\/50"}],"wp:attachment":[{"href":"https:\/\/antoniajerez.com\/alma\/wp-json\/wp\/v2\/media?parent=621"}],"curies":[{"name":"wp","href":"https:\/\/api.w.org\/{rel}","templated":true}]}}